{"id":2095,"date":"2023-10-23T10:54:36","date_gmt":"2023-10-23T13:54:36","guid":{"rendered":"https:\/\/vgfmaquinas.com.br\/index\/?post_type=product&#038;p=2095"},"modified":"2026-03-31T20:32:23","modified_gmt":"2026-03-31T23:32:23","slug":"doceira-docemais","status":"publish","type":"product","link":"https:\/\/vgfmaquinas.com.br\/index\/produto\/doceira-docemais\/","title":{"rendered":"Doceira DOCEMAIS"},"content":{"rendered":"<p>Produza at\u00e9 8 latas de leite condensado ou 4 de cada (leite condensado e creme de leite)<\/p>\n<p>N\u00e3o produz massa de salgados fritos<\/p>\n<p>Seus doces sair\u00e3o em um ponto excelente<\/p>\n<p><strong>Caracter\u00edsticas t\u00e9cnicas:<\/strong><br \/>\n\u2022 Panela 28 cm de di\u00e2metro x 10 cm altura<br \/>\n\u2022 Acabamento externo da panela natural<br \/>\n\u2022 Eixos usinados e de f\u00e1cil remo\u00e7\u00e3o<br \/>\n\u2022 Base em inox<br \/>\n\u2022 Batedor em inox<br \/>\n\u2022 Raspadores de silicone suporta at\u00e9 300\u00b0<br \/>\n\u2022 Cabo superior injetado a press\u00e3o<\/p>\n<p><strong>Benef\u00edcios:<\/strong><br \/>\n\u2022 F\u00e1cil manuseio, limpeza e higieniza\u00e7\u00e3o<br \/>\n\u2022 Leve e robusta<br \/>\n\u2022 Motor mais forte do mercado<br \/>\n\u2022 Deixar\u00e1 seus doces em um ponto perfeito<\/p>\n<p><strong>Caracter\u00edsticas El\u00e9tricas:<\/strong><br \/>\n\u2022 Pot\u00eancia: 200W<br \/>\n\u2022 Consumo: 0,20 kw\/h<br \/>\n\u2022 Voltagem: 127 \/ 220<\/p>\n","protected":false},"excerpt":{"rendered":"<p>Produza at\u00e9 8 latas de leite condensado ou 4 de cada (leite condensado e creme de leite) N\u00e3o produz massa de salgados fritos Seus doces sair\u00e3o<span class=\"excerpt-hellip\"> [\u2026]<\/span><\/p>\n","protected":false},"featured_media":2098,"template":"","meta":{"_joinchat":[]},"product_brand":[],"product_cat":[69],"product_tag":[],"class_list":{"0":"post-2095","1":"product","2":"type-product","3":"status-publish","4":"has-post-thumbnail","6":"product_cat-masseiras","8":"first","9":"instock","10":"shipping-taxable","11":"product-type-simple"},"_links":{"self":[{"href":"https:\/\/vgfmaquinas.com.br\/index\/wp-json\/wp\/v2\/product\/2095","targetHints":{"allow":["GET"]}}],"collection":[{"href":"https:\/\/vgfmaquinas.com.br\/index\/wp-json\/wp\/v2\/product"}],"about":[{"href":"https:\/\/vgfmaquinas.com.br\/index\/wp-json\/wp\/v2\/types\/product"}],"wp:featuredmedia":[{"embeddable":true,"href":"https:\/\/vgfmaquinas.com.br\/index\/wp-json\/wp\/v2\/media\/2098"}],"wp:attachment":[{"href":"https:\/\/vgfmaquinas.com.br\/index\/wp-json\/wp\/v2\/media?parent=2095"}],"wp:term":[{"taxonomy":"product_brand","embeddable":true,"href":"https:\/\/vgfmaquinas.com.br\/index\/wp-json\/wp\/v2\/product_brand?post=2095"},{"taxonomy":"product_cat","embeddable":true,"href":"https:\/\/vgfmaquinas.com.br\/index\/wp-json\/wp\/v2\/product_cat?post=2095"},{"taxonomy":"product_tag","embeddable":true,"href":"https:\/\/vgfmaquinas.com.br\/index\/wp-json\/wp\/v2\/product_tag?post=2095"}],"curies":[{"name":"wp","href":"https:\/\/api.w.org\/{rel}","templated":true}]}}