{"id":2009,"date":"2023-04-10T23:17:06","date_gmt":"2023-04-11T02:17:06","guid":{"rendered":"https:\/\/vgfmaquinas.com.br\/index\/?post_type=product&#038;p=2009"},"modified":"2026-03-31T20:36:37","modified_gmt":"2026-03-31T23:36:37","slug":"masseira-planetaria-14kg","status":"publish","type":"product","link":"https:\/\/vgfmaquinas.com.br\/index\/produto\/masseira-planetaria-14kg\/","title":{"rendered":"Masseira Planet\u00e1ria 14kg"},"content":{"rendered":"<h2>Masseira Planet\u00e1ria 14kg<\/h2>\n<h3>Capacidade da Masseira<\/h3>\n<p>Produz at\u00e9 14kg de massa pronta em instantes.<\/p>\n<h3>Batedor da Masseira com batimento planet\u00e1rio com fogareiro embutido<\/h3>\n<p>Possu\u00ed batedor para massas salgadas e para massas doces.<\/p>\n<h3>Durabilidade e Seguran\u00e7a da Masseira<\/h3>\n<p>Equipamento forte, robusto, de f\u00e1cil manuseio, com estrutura em a\u00e7o carbono, garantingo uma vida \u00fatil longa \u00e0 Masseira.<\/p>\n<p>Utilizamos chapas grossas no dispositivo de bater a massa e panela robusta tamb\u00e9m, tudo pensando na garantia da seguran\u00e7a ao operador da masseira e durabilidade do equipamento.<\/p>\n","protected":false},"excerpt":{"rendered":"<p>Masseira Planet\u00e1ria 14kg Capacidade da Masseira Produz at\u00e9 14kg de massa pronta em instantes. Batedor da Masseira com batimento planet\u00e1rio com fogareiro embutido Possu\u00ed batedor para<span class=\"excerpt-hellip\"> [\u2026]<\/span><\/p>\n","protected":false},"featured_media":2010,"template":"","meta":{"_joinchat":[]},"product_brand":[],"product_cat":[69],"product_tag":[71],"class_list":{"0":"post-2009","1":"product","2":"type-product","3":"status-publish","4":"has-post-thumbnail","6":"product_cat-masseiras","7":"product_tag-masseiras","9":"first","10":"instock","11":"shipping-taxable","12":"product-type-simple"},"_links":{"self":[{"href":"https:\/\/vgfmaquinas.com.br\/index\/wp-json\/wp\/v2\/product\/2009","targetHints":{"allow":["GET"]}}],"collection":[{"href":"https:\/\/vgfmaquinas.com.br\/index\/wp-json\/wp\/v2\/product"}],"about":[{"href":"https:\/\/vgfmaquinas.com.br\/index\/wp-json\/wp\/v2\/types\/product"}],"wp:featuredmedia":[{"embeddable":true,"href":"https:\/\/vgfmaquinas.com.br\/index\/wp-json\/wp\/v2\/media\/2010"}],"wp:attachment":[{"href":"https:\/\/vgfmaquinas.com.br\/index\/wp-json\/wp\/v2\/media?parent=2009"}],"wp:term":[{"taxonomy":"product_brand","embeddable":true,"href":"https:\/\/vgfmaquinas.com.br\/index\/wp-json\/wp\/v2\/product_brand?post=2009"},{"taxonomy":"product_cat","embeddable":true,"href":"https:\/\/vgfmaquinas.com.br\/index\/wp-json\/wp\/v2\/product_cat?post=2009"},{"taxonomy":"product_tag","embeddable":true,"href":"https:\/\/vgfmaquinas.com.br\/index\/wp-json\/wp\/v2\/product_tag?post=2009"}],"curies":[{"name":"wp","href":"https:\/\/api.w.org\/{rel}","templated":true}]}}