{"id":1949,"date":"2023-03-01T22:26:47","date_gmt":"2023-03-02T01:26:47","guid":{"rendered":"https:\/\/bluup.com.br\/vgf\/?post_type=product&#038;p=1949"},"modified":"2026-03-31T20:37:49","modified_gmt":"2026-03-31T23:37:49","slug":"modeladora-mini-machine","status":"publish","type":"product","link":"https:\/\/vgfmaquinas.com.br\/index\/produto\/modeladora-mini-machine\/","title":{"rendered":"Modeladora Mini Machine"},"content":{"rendered":"<ul>\n<li>Controle de massa, recheio e parede de massa dos salgados produzidos.<\/li>\n<li>Bicos de massa, recheio, churros e salsicha<\/li>\n<li>Moldes de coxinha, bolinha, kibe, travesseirinho e cortador de salsicha<\/li>\n<li>F\u00e1cil manuseio e higieniza\u00e7\u00e3o<\/li>\n<li>Treinamento e p\u00f3s venda direto conosco<\/li>\n<li>Todas as pe\u00e7as do equipamento s\u00e3o produzidas por n\u00f3s<\/li>\n<li>Montagem e desmontagem simples<\/li>\n<\/ul>\n<p>&#8230;&#8230;&#8230;&#8230;&#8230;&#8230;&#8230;&#8230;&#8230;&#8230;&#8230;&#8230;&#8230;&#8230;&#8230;&#8230;&#8230;&#8230;&#8230;&#8230;&#8230;&#8230;&#8230;&#8230;&#8230;&#8230;&#8230;&#8230;&#8230;&#8230;&#8230;&#8230;..<\/p>\n<p>Modela at\u00e9 200 gramas<br \/>\nProduz at\u00e9 4000 unidades por hora<br \/>\n3 motores semi industriais<br \/>\nM\u00e1quina inteira usinada<br \/>\nEngrenagens de pol\u00edmero de engenharia (Garantia de 10 anos)<br \/>\n127 ou 220V &#8211; Voc\u00ea escolhe<\/p>\n<p><strong>Peso:<\/strong> 49 kg<\/p>\n<p><strong>Dimens\u00f5es:<\/strong> 70cm (Altura) x 35cm (Largura) x 70cm(Comprimento)<br \/>\n<strong>Painel: <\/strong>Painel digital de f\u00e1cil manuseio e selado contra umidade<br \/>\n<strong>Seguran\u00e7a:\u00a0<\/strong>Atende todos os requisitos da NR-12<br \/>\n<strong>Acabamento:\u00a0<\/strong>A mais grossa e resistente estrutura de a\u00e7o carbono<br \/>\n<strong>Pintura:\u00a0<\/strong>Pintura eletrost\u00e1tica branca<\/p>\n<h3>Produtividade e sil\u00eancio<\/h3>\n<p>A Mini Machine \u00e9 a modeladora de salgados e doces mais silenciosa.<\/p>\n<p>Utilizamos chapa de a\u00e7o carbono, p\u00e9s de borracha nitrilica 45 shore A, evitando a trepida\u00e7\u00e3o comum na maioria dos equipamentos.<\/p>\n<h3>Durabilidade do Equipamento<\/h3>\n<p>Nossas engrenagens s\u00e3o produzidas com material espec\u00edfico para linha industrial, o que aumenta a durabilidade em pelo menos tr\u00eas anos comparado com outros tipos de materiais.<\/p>\n<h3>Investimento Acess\u00edvel<\/h3>\n<p>A Mini Machine al\u00e9m de toda tecnologia diferenciada \u00e9 considerada a m\u00e1quina mais bonita do segmento.<\/p>\n","protected":false},"excerpt":{"rendered":"<p>Controle de massa, recheio e parede de massa dos salgados produzidos. Bicos de massa, recheio, churros e salsicha Moldes de coxinha, bolinha, kibe, travesseirinho e cortador<span class=\"excerpt-hellip\"> [\u2026]<\/span><\/p>\n","protected":false},"featured_media":2236,"template":"","meta":{"_joinchat":[]},"product_brand":[],"product_cat":[70],"product_tag":[72],"class_list":{"0":"post-1949","1":"product","2":"type-product","3":"status-publish","4":"has-post-thumbnail","6":"product_cat-modeladoras-de-salgados-e-doces","7":"product_tag-modeladoras","9":"first","10":"instock","11":"shipping-taxable","12":"product-type-simple"},"_links":{"self":[{"href":"https:\/\/vgfmaquinas.com.br\/index\/wp-json\/wp\/v2\/product\/1949","targetHints":{"allow":["GET"]}}],"collection":[{"href":"https:\/\/vgfmaquinas.com.br\/index\/wp-json\/wp\/v2\/product"}],"about":[{"href":"https:\/\/vgfmaquinas.com.br\/index\/wp-json\/wp\/v2\/types\/product"}],"wp:featuredmedia":[{"embeddable":true,"href":"https:\/\/vgfmaquinas.com.br\/index\/wp-json\/wp\/v2\/media\/2236"}],"wp:attachment":[{"href":"https:\/\/vgfmaquinas.com.br\/index\/wp-json\/wp\/v2\/media?parent=1949"}],"wp:term":[{"taxonomy":"product_brand","embeddable":true,"href":"https:\/\/vgfmaquinas.com.br\/index\/wp-json\/wp\/v2\/product_brand?post=1949"},{"taxonomy":"product_cat","embeddable":true,"href":"https:\/\/vgfmaquinas.com.br\/index\/wp-json\/wp\/v2\/product_cat?post=1949"},{"taxonomy":"product_tag","embeddable":true,"href":"https:\/\/vgfmaquinas.com.br\/index\/wp-json\/wp\/v2\/product_tag?post=1949"}],"curies":[{"name":"wp","href":"https:\/\/api.w.org\/{rel}","templated":true}]}}