{"id":1947,"date":"2023-03-01T22:18:57","date_gmt":"2023-03-02T01:18:57","guid":{"rendered":"https:\/\/bluup.com.br\/vgf\/?post_type=product&#038;p=1947"},"modified":"2026-03-31T20:40:12","modified_gmt":"2026-03-31T23:40:12","slug":"modeladora-de-salgados-e-doces-ate-5500-por-hora","status":"publish","type":"product","link":"https:\/\/vgfmaquinas.com.br\/index\/produto\/modeladora-de-salgados-e-doces-ate-5500-por-hora\/","title":{"rendered":"Modeladora Super Machine"},"content":{"rendered":"<ul>\n<li style=\"text-align: left\">Controle de massa, recheio e parede de massa dos salgados produzidos.<\/li>\n<li>Bicos de massa, recheio, churros e salsicha<\/li>\n<li>Moldes de coxinha, bolinha, kibe, travesseirinho e cortador de salsicha<\/li>\n<li>F\u00e1cil manuseio e higieniza\u00e7\u00e3o<\/li>\n<li>Treinamento e p\u00f3s venda direto conosco<\/li>\n<li>Todas as pe\u00e7as do equipamento s\u00e3o produzidas por n\u00f3s<\/li>\n<li>Montagem e desmontagem simples<\/li>\n<li>Mentoria por tempo indeterminado<\/li>\n<li>Acesso a nossa Salgadeira Profissional<\/li>\n<li>T\u00e9cnico Salgadeiro (\u00danica Empresa do Mercado que possui)<\/li>\n<\/ul>\n<p>&#8230;&#8230;&#8230;&#8230;&#8230;&#8230;&#8230;&#8230;&#8230;&#8230;&#8230;&#8230;&#8230;&#8230;&#8230;&#8230;&#8230;&#8230;&#8230;&#8230;..<\/p>\n<p>Modela at\u00e9 250 gramas<br \/>\nProduz at\u00e9 5500 unidades por hora<br \/>\n3 motores semi industriais<br \/>\nM\u00e1quina inteira usinada<br \/>\nEngrenagens de a\u00e7o<br \/>\n127 ou 220V (Voc\u00ea escolhe)<\/p>\n<p>Possui contador Digital<\/p>\n<p style=\"text-align: left\"><strong>Peso:<\/strong> 42 kg<\/p>\n<p style=\"text-align: left\"><strong>Regulagem:<\/strong> Massa, recheio e parede de massa.<\/p>\n<p style=\"text-align: left\"><strong>Homologado<\/strong>: pela NR12.<\/p>\n<p style=\"text-align: left\">Corte por excentricidade.<\/p>\n<p style=\"text-align: left\"><strong>Carenagem:<\/strong>\u00a0tratada<\/p>\n<p style=\"text-align: left\"><strong>Dimens\u00f5es:<\/strong>\u00a060 x 35 x 60 cm.<\/p>\n<h3>Capacidade de Produ\u00e7\u00e3o:<\/h3>\n<p><strong>8g\u00a0<\/strong>\u2013 produz 5.500 unidades de modelagem por hora<br \/>\n<strong>10g\u00a0<\/strong>\u2013 produz 4.800 unidades de modelagem por hora<br \/>\n<strong>20g\u00a0<\/strong>\u2013 produz 2.500 unidades de modelagem por hora<br \/>\n<strong>50g\u00a0<\/strong>\u2013 produz 1.000 unidades de modelagem por hora<br \/>\n<strong>100g\u00a0<\/strong>\u2013 produz 500 unidades de modelagem por hora<br \/>\n<strong>150g\u00a0<\/strong>\u2013 produz 300 unidades de modelagem por hora<br \/>\n<strong>200g\u00a0<\/strong>\u2013 produz 250 unidades de modelagem por hora<\/p>\n<p><strong>250g <\/strong>\u2013 produz 200 unidades de modelagem por hora<\/p>\n<h3>Especifica\u00e7\u00e3o T\u00e9cnica<\/h3>\n<p><strong>Dimens\u00f5es:\u00a0 7<\/strong>0cm de altura x 35cm de largura x 70cm de comprimento.<br \/>\n<strong>Motor:\u00a0<\/strong>Motores de corrente cont\u00ednua de alta performance, com controle independente.<br \/>\n<strong>Painel:<\/strong> Painel de controle Digital de f\u00e1cil manuseio e selado.<br \/>\n<strong>Seguran\u00e7a:\u00a0<\/strong>Equipamento atende todos os requisitos da NR-12.<br \/>\n<strong>Estrutura:\u00a0<\/strong>A\u00e7o Carbono com pintura eletrost\u00e1tica branca.<\/p>\n<h3>Acess\u00f3rios da Modeladora de Doces e Salgados<\/h3>\n<ul>\n<li>9 Bicos de Massa<\/li>\n<li>5 Bicos de Recheio<\/li>\n<li>1 Bico de Churros (Brinde)<\/li>\n<li>1 Bico de Churros Espanhol (Brinde)<\/li>\n<li>1 Cortador de Salsicha (Brinde)<\/li>\n<li>1 Jogo de 6 pe\u00e7as para molde de Coxinha<\/li>\n<li>1 Jogo de 6 pe\u00e7as para Molde de Bolinha<\/li>\n<li>1 Jogo de 6 pe\u00e7as para Molde de Quibe<\/li>\n<li>1 Jogo de 2 pe\u00e7as para Molde de Travesseiro<\/li>\n<\/ul>\n","protected":false},"excerpt":{"rendered":"<p>Controle de massa, recheio e parede de massa dos salgados produzidos. Bicos de massa, recheio, churros e salsicha Moldes de coxinha, bolinha, kibe, travesseirinho e cortador<span class=\"excerpt-hellip\"> [\u2026]<\/span><\/p>\n","protected":false},"featured_media":2184,"template":"","meta":{"_joinchat":[]},"product_brand":[],"product_cat":[70],"product_tag":[72],"class_list":{"0":"post-1947","1":"product","2":"type-product","3":"status-publish","4":"has-post-thumbnail","6":"product_cat-modeladoras-de-salgados-e-doces","7":"product_tag-modeladoras","9":"first","10":"instock","11":"shipping-taxable","12":"product-type-simple"},"_links":{"self":[{"href":"https:\/\/vgfmaquinas.com.br\/index\/wp-json\/wp\/v2\/product\/1947","targetHints":{"allow":["GET"]}}],"collection":[{"href":"https:\/\/vgfmaquinas.com.br\/index\/wp-json\/wp\/v2\/product"}],"about":[{"href":"https:\/\/vgfmaquinas.com.br\/index\/wp-json\/wp\/v2\/types\/product"}],"wp:featuredmedia":[{"embeddable":true,"href":"https:\/\/vgfmaquinas.com.br\/index\/wp-json\/wp\/v2\/media\/2184"}],"wp:attachment":[{"href":"https:\/\/vgfmaquinas.com.br\/index\/wp-json\/wp\/v2\/media?parent=1947"}],"wp:term":[{"taxonomy":"product_brand","embeddable":true,"href":"https:\/\/vgfmaquinas.com.br\/index\/wp-json\/wp\/v2\/product_brand?post=1947"},{"taxonomy":"product_cat","embeddable":true,"href":"https:\/\/vgfmaquinas.com.br\/index\/wp-json\/wp\/v2\/product_cat?post=1947"},{"taxonomy":"product_tag","embeddable":true,"href":"https:\/\/vgfmaquinas.com.br\/index\/wp-json\/wp\/v2\/product_tag?post=1947"}],"curies":[{"name":"wp","href":"https:\/\/api.w.org\/{rel}","templated":true}]}}