{"id":1943,"date":"2023-03-01T22:06:37","date_gmt":"2023-03-02T01:06:37","guid":{"rendered":"https:\/\/bluup.com.br\/vgf\/?post_type=product&#038;p=1943"},"modified":"2026-03-31T20:43:03","modified_gmt":"2026-03-31T23:43:03","slug":"masseira-para-fazer-massas-de-doces-e-salgados-5kg","status":"publish","type":"product","link":"https:\/\/vgfmaquinas.com.br\/index\/produto\/masseira-para-fazer-massas-de-doces-e-salgados-5kg\/","title":{"rendered":"Masseira Promax 5kg"},"content":{"rendered":"<h3>Batedor da Masseira<\/h3>\n<p>Possui batedor de inox extremamente forte e resistente, acoplado ao silicone pr\u00f3prio para linha aliment\u00edcia e eixos de usinados.<\/p>\n<h3>Dados Gerais Promax 5 kg<\/h3>\n<h4>Produtividade:<\/h4>\n<ul>\n<li>Massa de salgados fritos: 5kg (2 kg de farinha)<\/li>\n<li>Doces: 22 latas<\/li>\n<li>Cremes: 9lts<\/li>\n<\/ul>\n<h4>Caracter\u00edsticas t\u00e9cnicas:<\/h4>\n<ul>\n<li>Panela 36 cm x 14 cm altura (13 lts)<\/li>\n<li>Eixos em inox 304 e usinados<\/li>\n<li>Base, batedor e parafusos em inox 304<\/li>\n<li>Raspadores de silicone suporta at\u00e9 300\u00b0<\/li>\n<li>Cabo superior refor\u00e7ado<\/li>\n<li>Motoredutor Industrial 8Nm<\/li>\n<\/ul>\n<h4>Benef\u00edcios:<\/h4>\n<ul>\n<li>F\u00e1cil manuseio, limpeza e opera\u00e7\u00e3o<\/li>\n<li>Leve, robusta, pr\u00e1tica e objetiva<\/li>\n<li>Motor mais forte do mercado (Motoredutor Industrial)<\/li>\n<li>Sova a massa de salgados fritos<\/li>\n<li>Ponto perfeito nos doces, cremes e recheios<\/li>\n<\/ul>\n<h4>Caracter\u00edsticas El\u00e9tricas:<\/h4>\n<ul>\n<li>Pot\u00eancia: 250W<\/li>\n<li>Consumo: 0,25 kw\/h<\/li>\n<li>Voltagem: 127 \/ 220 V<\/li>\n<\/ul>\n<h3>Durabilidade e Seguran\u00e7a da Masseira<\/h3>\n<p>Equipamento forte, robusto, de f\u00e1cil manuseio, possui batedor usinado e soldado, garantindo uma vida \u00fatil longa \u00e0 Masseira.<\/p>\n<p>Utilizamos chapas grossas no dispositivo de bater a massa e panela robusta tamb\u00e9m, tudo pensando na garantia da seguran\u00e7a ao operador da masseira e durabilidade do equipamento.<\/p>\n","protected":false},"excerpt":{"rendered":"<p>Batedor da Masseira Possui batedor de inox extremamente forte e resistente, acoplado ao silicone pr\u00f3prio para linha aliment\u00edcia e eixos de usinados. Dados Gerais Promax 5<span class=\"excerpt-hellip\"> [\u2026]<\/span><\/p>\n","protected":false},"featured_media":2102,"template":"","meta":{"_joinchat":[]},"product_brand":[],"product_cat":[69],"product_tag":[71],"class_list":{"0":"post-1943","1":"product","2":"type-product","3":"status-publish","4":"has-post-thumbnail","6":"product_cat-masseiras","7":"product_tag-masseiras","9":"first","10":"instock","11":"shipping-taxable","12":"product-type-simple"},"_links":{"self":[{"href":"https:\/\/vgfmaquinas.com.br\/index\/wp-json\/wp\/v2\/product\/1943","targetHints":{"allow":["GET"]}}],"collection":[{"href":"https:\/\/vgfmaquinas.com.br\/index\/wp-json\/wp\/v2\/product"}],"about":[{"href":"https:\/\/vgfmaquinas.com.br\/index\/wp-json\/wp\/v2\/types\/product"}],"wp:featuredmedia":[{"embeddable":true,"href":"https:\/\/vgfmaquinas.com.br\/index\/wp-json\/wp\/v2\/media\/2102"}],"wp:attachment":[{"href":"https:\/\/vgfmaquinas.com.br\/index\/wp-json\/wp\/v2\/media?parent=1943"}],"wp:term":[{"taxonomy":"product_brand","embeddable":true,"href":"https:\/\/vgfmaquinas.com.br\/index\/wp-json\/wp\/v2\/product_brand?post=1943"},{"taxonomy":"product_cat","embeddable":true,"href":"https:\/\/vgfmaquinas.com.br\/index\/wp-json\/wp\/v2\/product_cat?post=1943"},{"taxonomy":"product_tag","embeddable":true,"href":"https:\/\/vgfmaquinas.com.br\/index\/wp-json\/wp\/v2\/product_tag?post=1943"}],"curies":[{"name":"wp","href":"https:\/\/api.w.org\/{rel}","templated":true}]}}